{"id":34,"date":"2012-08-07T16:37:40","date_gmt":"2012-08-07T14:37:40","guid":{"rendered":"http:\/\/kalamar.pl\/szkolna5_new\/?page_id=34"},"modified":"2018-05-13T17:05:33","modified_gmt":"2018-05-13T15:05:33","slug":"pokoje-i-ceny","status":"publish","type":"page","link":"https:\/\/kalamar.pl\/szkolna5\/pokoje-i-ceny\/","title":{"rendered":"Nasza Oferta"},"content":{"rendered":"<p>Dla go\u015bci przygotowali\u015bmy 5 pokoi 2-3 osobowych z \u0142azienkami i TV, kuchni\u0119, ogr\u00f3d z grillem i parking na podw\u00f3rku. Dysponujemy trzema pokojami z \u0142azienkami i dwoma z dost\u0119pem do osobnej \u0142azienki tylko dla go\u015bci. <strong>Mo\u017cna skorzysta\u0107 z parkingu na podw\u00f3rku<\/strong>. W ogrodzie grill i altana dla go\u015bci pozwol\u0105 odpocz\u0105\u0107 na \u015bwie\u017cym powietrzu nawet przy kapry\u015bnej pogodzie!<\/p>\n<p>Cena: <strong>30&nbsp;&#8211; 50z\u0142&nbsp;<\/strong>\/os\/dzie\u0144.<\/p>\nngg_shortcode_0_placeholder\n<p>Cena do negocjacji w zale\u017cno\u015bci od ilo\u015bci os\u00f3b, terminu itp.<br \/>\nDzieci poni\u017cej 3 roku \u017cycia &#8211; gratis.<\/p>\n<p><strong>Zapraszamy przez ca\u0142y rok!<\/strong><\/p>\n<p>&nbsp;<\/p>\n","protected":false},"excerpt":{"rendered":"<p>Dla go\u015bci przygotowali\u015bmy 5 pokoi 2-3 osobowych z \u0142azienkami i TV, kuchni\u0119, ogr\u00f3d z grillem i parking na podw\u00f3rku. Dysponujemy trzema pokojami z \u0142azienkami i dwoma z dost\u0119pem do osobnej \u0142azienki tylko dla go\u015bci. Mo\u017cna skorzysta\u0107 z parkingu na podw\u00f3rku. W ogrodzie grill i altana dla go\u015bci pozwol\u0105 odpocz\u0105\u0107 na &#8230;<\/p>\n","protected":false},"author":1,"featured_media":0,"parent":0,"menu_order":1,"comment_status":"closed","ping_status":"closed","template":"","meta":{"ngg_post_thumbnail":0,"footnotes":""},"class_list":["post-34","page","type-page","status-publish","hentry","column","threecol"],"_links":{"self":[{"href":"https:\/\/kalamar.pl\/szkolna5\/wp-json\/wp\/v2\/pages\/34","targetHints":{"allow":["GET"]}}],"collection":[{"href":"https:\/\/kalamar.pl\/szkolna5\/wp-json\/wp\/v2\/pages"}],"about":[{"href":"https:\/\/kalamar.pl\/szkolna5\/wp-json\/wp\/v2\/types\/page"}],"author":[{"embeddable":true,"href":"https:\/\/kalamar.pl\/szkolna5\/wp-json\/wp\/v2\/users\/1"}],"replies":[{"embeddable":true,"href":"https:\/\/kalamar.pl\/szkolna5\/wp-json\/wp\/v2\/comments?post=34"}],"version-history":[{"count":33,"href":"https:\/\/kalamar.pl\/szkolna5\/wp-json\/wp\/v2\/pages\/34\/revisions"}],"predecessor-version":[{"id":281,"href":"https:\/\/kalamar.pl\/szkolna5\/wp-json\/wp\/v2\/pages\/34\/revisions\/281"}],"wp:attachment":[{"href":"https:\/\/kalamar.pl\/szkolna5\/wp-json\/wp\/v2\/media?parent=34"}],"curies":[{"name":"wp","href":"https:\/\/api.w.org\/{rel}","templated":true}]}}