{"id":32,"date":"2012-08-07T16:36:43","date_gmt":"2012-08-07T14:36:43","guid":{"rendered":"http:\/\/kalamar.pl\/szkolna5_new\/?page_id=32"},"modified":"2012-08-25T21:12:38","modified_gmt":"2012-08-25T19:12:38","slug":"okoliczne-atrakcje","status":"publish","type":"page","link":"https:\/\/kalamar.pl\/szkolna5\/okoliczne-atrakcje\/","title":{"rendered":"Okoliczne Atrakcje"},"content":{"rendered":"<p>Galeria zdj\u0119\u0107 z wycieczki dooko\u0142a ruin Zamku Ogodzieniec:<\/p>\nngg_shortcode_0_placeholder\n<div id=\"lmm_362f21ed\" style=\"width:800px;\" class=\"mapsmarker layermap layer-1\">\n<div id=\"lmm_panel_362f21ed\" class=\"lmm-panel\" style=\"background:#efefef;\">\n<div id=\"lmm_panel_api_362f21ed\" class=\"lmm-panel-api\"><\/div><div id=\"lmm_panel_text_362f21ed\" class=\"lmm-panel-text\" style=\"font-weight:bold;\">Atrakcje turystyczne i wa\u017cne punkty w okolicach Podzamcza<\/div>\n<\/div>\n<div id=\"lmm_map_362f21ed\" class=\"lmm-map\" style=\"background:#f6f6f6;border:1px solid #ccc;height:480px; overflow:hidden;padding:0;\"><p style=\"font-size:80%;color:#9f9e9e;margin-left:5px;\">loading map - please wait...<noscript><br\/><strong>Map could not be loaded - please enable Javascript!<\/strong><br\/><a style=\"text-decoration:none;\" href=\"https:\/\/www.mapsmarker.com\/js-disabled\" target=\"_blank\">&rarr; more information<\/a><\/noscript><\/p><\/div>\n<div id=\"lmm_geo_tags_362f21ed_5\" class=\"lmm-geo-tags geo\">Dworzec PKP i PKS Zawiercie: <span class=\"latitude\">50.481176<\/span>, <span class=\"longitude\">19.423730<\/span><\/div>\n<div id=\"lmm_listmarkers_362f21ed\" class=\"lmm-listmarkers\" style=\"width:800px;\">\n<table style=\"width:800px;\" id=\"lmm_listmarkers_table_362f21ed\" class=\"lmm-listmarkers-table\"><tr><td class=\"lmm-listmarkers-icon\"><img decoding=\"async\" style=\"border-radius:0;box-shadow:none;\" alt=\"marker icon\" src=\"http:\/\/kalamar.pl\/szkolna5\/wp-content\/uploads\/leaflet-maps-marker-icons\/train.png\" \/><\/td><td class=\"lmm-listmarkers-popuptext\"><div class=\"lmm-listmarkers-panel-icons\"><a href=\"https:\/\/maps.google.com\/maps?daddr=50.481176,19.423730&amp;t=m&amp;layer=1&amp;doflg=ptk&amp;om=0\" target=\"_blank\" title=\"Get directions\"><img loading=\"lazy\" decoding=\"async\" alt=\"icon-car.png\" src=\"https:\/\/kalamar.pl\/szkolna5\/wp-content\/plugins\/leaflet-maps-marker\/inc\/img\/icon-car.png\" width=\"14\" height=\"14\" class=\"lmm-panel-api-images\" \/><\/a><\/div><span class=\"lmm-listmarkers-markername\">Dworzec PKP i PKS Zawiercie<\/span><br\/><span class=\"lmm-listmarkers-popuptext-only\">Dworzec PKP i PKS Zawiercie<br \/><br \/><strong>Orientacyjne dojazdu do Zawiercia:<\/strong><br \/>Krak\u00f3w - 2h, Warszawa 2.5h, Katowice 1h, Bielsko-Bia\u0142a 2h, Pozna\u0144 - 4h, \u0141\u00f3d\u017a - 2h<br \/><strong>Dojazd z Zawiercia do Podzamcza:<\/strong><br \/>Busem z przystanku nie daleko stacji kolejowej, ok 15minut, cena oko\u0142o 3z\u0142.<br \/><br \/><a href=\"\/\/zawiercie.naszemiasto.pl\/kontakty_adresy\/lista\/85.html\\&quot;\" target=\"\\&quot;_blank\\&quot;\">Wi\u0119cej Informacji &gt;&gt;<\/a><\/span><\/td><\/tr><\/table><\/div><\/div>\n","protected":false},"excerpt":{"rendered":"<p>Galeria zdj\u0119\u0107 z wycieczki dooko\u0142a ruin Zamku Ogodzieniec:<\/p>\n","protected":false},"author":1,"featured_media":0,"parent":0,"menu_order":2,"comment_status":"closed","ping_status":"closed","template":"","meta":{"ngg_post_thumbnail":0,"footnotes":""},"class_list":["post-32","page","type-page","status-publish","hentry","column","threecol"],"_links":{"self":[{"href":"https:\/\/kalamar.pl\/szkolna5\/wp-json\/wp\/v2\/pages\/32","targetHints":{"allow":["GET"]}}],"collection":[{"href":"https:\/\/kalamar.pl\/szkolna5\/wp-json\/wp\/v2\/pages"}],"about":[{"href":"https:\/\/kalamar.pl\/szkolna5\/wp-json\/wp\/v2\/types\/page"}],"author":[{"embeddable":true,"href":"https:\/\/kalamar.pl\/szkolna5\/wp-json\/wp\/v2\/users\/1"}],"replies":[{"embeddable":true,"href":"https:\/\/kalamar.pl\/szkolna5\/wp-json\/wp\/v2\/comments?post=32"}],"version-history":[{"count":10,"href":"https:\/\/kalamar.pl\/szkolna5\/wp-json\/wp\/v2\/pages\/32\/revisions"}],"predecessor-version":[{"id":119,"href":"https:\/\/kalamar.pl\/szkolna5\/wp-json\/wp\/v2\/pages\/32\/revisions\/119"}],"wp:attachment":[{"href":"https:\/\/kalamar.pl\/szkolna5\/wp-json\/wp\/v2\/media?parent=32"}],"curies":[{"name":"wp","href":"https:\/\/api.w.org\/{rel}","templated":true}]}}