{"id":2,"date":"2012-04-08T20:45:46","date_gmt":"2012-04-08T18:45:46","guid":{"rendered":"http:\/\/kalamar.pl\/szkolna5_new\/?page_id=2"},"modified":"2013-06-25T16:21:22","modified_gmt":"2013-06-25T14:21:22","slug":"o-nas","status":"publish","type":"page","link":"https:\/\/kalamar.pl\/szkolna5\/","title":{"rendered":"Szkolna 5"},"content":{"rendered":"<div style=\"float: right; width: 250px; height: 200px; position: relative; top: -60px; margin: 10px;\"><iframe loading=\"lazy\" src=\"https:\/\/maps.google.pl\/maps?q=50.452377,19.545761&amp;num=1&amp;t=h&amp;ie=UTF8&amp;ll=50.453679,19.548197&amp;spn=0.016395,0.025749&amp;z=14&amp;output=embed\" frameborder=\"0\" marginwidth=\"0\" marginheight=\"0\" scrolling=\"no\" width=\"300\" height=\"300\"><\/iframe><\/div>\n<p>Agroturystyka &#8220;Pod Czere\u015bni\u0105&#8221; po\u0142o\u017cona jest w samym sercu Jury Krakowsko-Cz\u0119stochowskiej, w miejscowo\u015bci Podzamcze, 10 minut od malowniczych ruin Zamku Ogrodzieniec.<br \/>\nPokoje go\u015bcinne z \u0142azienkami i TV, kuchnia dla go\u015bci, ogr\u00f3d, grill, parking na podw\u00f3rku, dost\u0119p do internetu wi-fi.\u00a0<img loading=\"lazy\" decoding=\"async\" style=\"background-color: white; display: inline-block; position: relative; top: 8px; margin-left: 8px;\" title=\"wifi\" src=\"http:\/\/kalamar.pl\/szkolna5\/wp-content\/uploads\/2012\/04\/wifi1.png\" alt=\"\" width=\"40\" height=\"28\" \/><\/p>\n<div>\n<p><strong>Zapraszamy przez ca\u0142y rok!<\/strong><\/p>\n<p>&nbsp;<\/p>\nngg_shortcode_0_placeholder\n<\/div>\n","protected":false},"excerpt":{"rendered":"<p>Agroturystyka &#8220;Pod Czere\u015bni\u0105&#8221; po\u0142o\u017cona jest w samym sercu Jury Krakowsko-Cz\u0119stochowskiej, w miejscowo\u015bci Podzamcze, 10 minut od malowniczych ruin Zamku Ogrodzieniec. Pokoje go\u015bcinne z \u0142azienkami i TV, kuchnia dla go\u015bci, ogr\u00f3d, grill, parking na podw\u00f3rku, dost\u0119p do internetu wi-fi.\u00a0 Zapraszamy przez ca\u0142y rok! &nbsp;<\/p>\n","protected":false},"author":1,"featured_media":0,"parent":0,"menu_order":0,"comment_status":"closed","ping_status":"closed","template":"template-no-sidebars.php","meta":{"ngg_post_thumbnail":0,"footnotes":""},"class_list":["post-2","page","type-page","status-publish","hentry","column","threecol"],"_links":{"self":[{"href":"https:\/\/kalamar.pl\/szkolna5\/wp-json\/wp\/v2\/pages\/2","targetHints":{"allow":["GET"]}}],"collection":[{"href":"https:\/\/kalamar.pl\/szkolna5\/wp-json\/wp\/v2\/pages"}],"about":[{"href":"https:\/\/kalamar.pl\/szkolna5\/wp-json\/wp\/v2\/types\/page"}],"author":[{"embeddable":true,"href":"https:\/\/kalamar.pl\/szkolna5\/wp-json\/wp\/v2\/users\/1"}],"replies":[{"embeddable":true,"href":"https:\/\/kalamar.pl\/szkolna5\/wp-json\/wp\/v2\/comments?post=2"}],"version-history":[{"count":44,"href":"https:\/\/kalamar.pl\/szkolna5\/wp-json\/wp\/v2\/pages\/2\/revisions"}],"predecessor-version":[{"id":261,"href":"https:\/\/kalamar.pl\/szkolna5\/wp-json\/wp\/v2\/pages\/2\/revisions\/261"}],"wp:attachment":[{"href":"https:\/\/kalamar.pl\/szkolna5\/wp-json\/wp\/v2\/media?parent=2"}],"curies":[{"name":"wp","href":"https:\/\/api.w.org\/{rel}","templated":true}]}}