{"id":139,"date":"2012-08-08T00:45:06","date_gmt":"2012-08-07T22:45:06","guid":{"rendered":"http:\/\/kalamar.pl\/szkolna5_new\/?page_id=139"},"modified":"2012-08-25T19:55:13","modified_gmt":"2012-08-25T17:55:13","slug":"drogi-wspinaczkowe","status":"publish","type":"page","link":"https:\/\/kalamar.pl\/szkolna5\/drogi-wspinaczkowe\/","title":{"rendered":"Drogi Wspinaczkowe"},"content":{"rendered":"<p><span class=\"Apple-style-span\">W okolicy podzamcza znajduje si\u0119 bardzo wiele dr\u00f3g wspinaczkowych o r\u00f3\u017cnych poziomach trudno\u015bci. Kilka lokalizacji przedstawia poni\u017csza mapa.<\/span><\/p>\n<div id=\"lmm_4cadec3c\" style=\"width:640px;\" class=\"mapsmarker layermap layer-2\">\n<div id=\"lmm_panel_4cadec3c\" class=\"lmm-panel\" style=\"background:#efefef;\">\n<div id=\"lmm_panel_api_4cadec3c\" class=\"lmm-panel-api\"><\/div><div id=\"lmm_panel_text_4cadec3c\" class=\"lmm-panel-text\" style=\"font-weight:bold;\">Drogi Wspinaczkowe<\/div>\n<\/div>\n<div id=\"lmm_map_4cadec3c\" class=\"lmm-map\" style=\"background:#f6f6f6;border:1px solid #ccc;height:480px; overflow:hidden;padding:0;\"><p style=\"font-size:80%;color:#9f9e9e;margin-left:5px;\">loading map - please wait...<noscript><br\/><strong>Map could not be loaded - please enable Javascript!<\/strong><br\/><a style=\"text-decoration:none;\" href=\"https:\/\/www.mapsmarker.com\/js-disabled\" target=\"_blank\">&rarr; more information<\/a><\/noscript><\/p><\/div>\n<div id=\"lmm_geo_tags_4cadec3c_6\" class=\"lmm-geo-tags geo\">Wielka Cima: <span class=\"latitude\">50.451674<\/span>, <span class=\"longitude\">19.554441<\/span><\/div>\n<div id=\"lmm_geo_tags_4cadec3c_7\" class=\"lmm-geo-tags geo\">Szkolna 5: <span class=\"latitude\">50.452289<\/span>, <span class=\"longitude\">19.545900<\/span><\/div>\n<div id=\"lmm_listmarkers_4cadec3c\" class=\"lmm-listmarkers\" style=\"width:640px;\">\n<table style=\"width:640px;\" id=\"lmm_listmarkers_table_4cadec3c\" class=\"lmm-listmarkers-table\"><tr><td class=\"lmm-listmarkers-icon\"><img decoding=\"async\" style=\"border-radius:0;box-shadow:none;\" alt=\"marker icon\" src=\"https:\/\/kalamar.pl\/szkolna5\/wp-content\/plugins\/leaflet-maps-marker\/leaflet-dist\/images\/marker.png\" \/><\/td><td class=\"lmm-listmarkers-popuptext\"><div class=\"lmm-listmarkers-panel-icons\"><a href=\"https:\/\/maps.google.com\/maps?daddr=50.451674,19.554441&amp;t=m&amp;layer=1&amp;doflg=ptk&amp;om=0\" target=\"_blank\" title=\"Get directions\"><img loading=\"lazy\" decoding=\"async\" alt=\"icon-car.png\" src=\"https:\/\/kalamar.pl\/szkolna5\/wp-content\/plugins\/leaflet-maps-marker\/inc\/img\/icon-car.png\" width=\"14\" height=\"14\" class=\"lmm-panel-api-images\" \/><\/a><\/div><span class=\"lmm-listmarkers-markername\">Wielka Cima<\/span><br\/><span class=\"lmm-listmarkers-popuptext-only\"><img loading=\"lazy\" decoding=\"async\" class=\"size-full wp-image-241 alignright\" title=\"wielka-cima-sw\" src=\"http:\/\/kalamar.pl\/szkolna5\/wp-content\/uploads\/2012\/08\/wielka-cima-sw.gif\" alt=\"\" width=\"214\" height=\"300\" \/><br \/><br \/>1. Puls Jazzu VI.4 (6R+ST)<br \/><br \/>2. Zalety Minety VI.4+ (trad)<br \/><br \/>3. Pa\u0142ac Kultury VI.3+ (trad)<br \/><br \/>A. Pierwszy Krok Ku Doskona\u0142o\u015bci VI.7? (11R+ST)<br \/><br \/>4. Prostowanie Mandali (Snowbird Hero) VI.5+ (9R+ST)<br \/><br \/>5. Pot\u0119ga Tr\u00f3jk\u0105t\u00f3w VI.6+ (12R+ST)<br \/><br \/>6. Charitka VI.5+ (9R+ST)<br \/><br \/>7. Krucjata Trze\u017awo\u015bci VI.6 (10R+ST)<br \/><br \/>8. Pijane Tr\u00f3jk\u0105ty VI.7 (11R+ST)<br \/><br \/>9. Power Of Love VI.7+ (7R+ST)<br \/><br \/>10. Wulkany Mi\u0142o\u015bci VI.6 (7R+ST)<br \/><br \/>11. Magnum VI.5+ (7R+ST)<br \/><br \/>12. Filar Paszczaka VI.2 (7R+ST)<br \/><br \/>13. Mandala \u017bycia VI.5<\/span><\/td><\/tr><tr><td class=\"lmm-listmarkers-icon\"><img decoding=\"async\" style=\"border-radius:0;box-shadow:none;\" alt=\"marker icon\" src=\"http:\/\/kalamar.pl\/szkolna5\/wp-content\/uploads\/leaflet-maps-marker-icons\/home.png\" \/><\/td><td class=\"lmm-listmarkers-popuptext\"><div class=\"lmm-listmarkers-panel-icons\"><a href=\"https:\/\/maps.google.com\/maps?daddr=50.452289,19.545900&amp;t=m&amp;layer=1&amp;doflg=ptk&amp;om=0\" target=\"_blank\" title=\"Get directions\"><img loading=\"lazy\" decoding=\"async\" alt=\"icon-car.png\" src=\"https:\/\/kalamar.pl\/szkolna5\/wp-content\/plugins\/leaflet-maps-marker\/inc\/img\/icon-car.png\" width=\"14\" height=\"14\" class=\"lmm-panel-api-images\" \/><\/a><\/div><span class=\"lmm-listmarkers-markername\">Szkolna 5<\/span><br\/><span class=\"lmm-listmarkers-popuptext-only\">Agroturystyka \"Pod Czere\u015bni\u0105\"<\/span><\/td><\/tr><\/table><\/div><\/div>\n","protected":false},"excerpt":{"rendered":"<p>W okolicy podzamcza znajduje si\u0119 bardzo wiele dr\u00f3g wspinaczkowych o r\u00f3\u017cnych poziomach trudno\u015bci. Kilka lokalizacji przedstawia poni\u017csza mapa.<\/p>\n","protected":false},"author":1,"featured_media":0,"parent":0,"menu_order":0,"comment_status":"closed","ping_status":"open","template":"","meta":{"ngg_post_thumbnail":0,"footnotes":""},"class_list":["post-139","page","type-page","status-publish","hentry","column","threecol"],"_links":{"self":[{"href":"https:\/\/kalamar.pl\/szkolna5\/wp-json\/wp\/v2\/pages\/139","targetHints":{"allow":["GET"]}}],"collection":[{"href":"https:\/\/kalamar.pl\/szkolna5\/wp-json\/wp\/v2\/pages"}],"about":[{"href":"https:\/\/kalamar.pl\/szkolna5\/wp-json\/wp\/v2\/types\/page"}],"author":[{"embeddable":true,"href":"https:\/\/kalamar.pl\/szkolna5\/wp-json\/wp\/v2\/users\/1"}],"replies":[{"embeddable":true,"href":"https:\/\/kalamar.pl\/szkolna5\/wp-json\/wp\/v2\/comments?post=139"}],"version-history":[{"count":10,"href":"https:\/\/kalamar.pl\/szkolna5\/wp-json\/wp\/v2\/pages\/139\/revisions"}],"predecessor-version":[{"id":239,"href":"https:\/\/kalamar.pl\/szkolna5\/wp-json\/wp\/v2\/pages\/139\/revisions\/239"}],"wp:attachment":[{"href":"https:\/\/kalamar.pl\/szkolna5\/wp-json\/wp\/v2\/media?parent=139"}],"curies":[{"name":"wp","href":"https:\/\/api.w.org\/{rel}","templated":true}]}}